{"id":1380,"date":"2020-03-31T11:44:51","date_gmt":"2020-03-31T09:44:51","guid":{"rendered":"https:\/\/hinterhof8.de\/?page_id=1380"},"modified":"2026-03-02T10:07:51","modified_gmt":"2026-03-02T09:07:51","slug":"impressum","status":"publish","type":"page","link":"https:\/\/hinterhof8.de\/en\/impressum\/","title":{"rendered":"imprint"},"content":{"rendered":"<div class=\"page\" title=\"Page 2\">\n<div class=\"section\">\n<div class=\"layoutArea\">\n<div class=\"column\">\n<p><strong>imprint<\/strong><\/p>\n<p>Represented by:\nVENUE media+event services GmbH<br \/>\nMarktstr. 8<br \/>\n80802 Munich<\/p>\n<p>That one represented by: Martin Winkler<\/p>\n<p>\u00a7 55 Abs. 2 RStV: Martin Winkler<\/p>\n<p>headquarters of the company: Munich<\/p>\n<p>VAT ID:\nSales tax identification number according to Sect. 27 a of the Sales Tax Law:\nDE265548448<\/p>\n<p>Commercial Register: HRB 179374<\/p>\n<p>Registering court: Amtsgericht Mu\u0308nchen<\/p>\n<p>&nbsp;<\/p>\n<p>Telefon: +49 172 &#8211; 43 31 433<br \/>\nE-mail: anfrage@hinterhof8.de<\/p>\n<p>EU-Streitschlichtung<\/p>\n<p class=\"translation-block\">EU dispute resolution\nThe European Commission provides a platform for online dispute resolution (ODR):\nhttps:\/\/ec.europa.eu\/consumers\/odr.\nOur e-mail address can be found above in the site notice.<\/p>\n<p>Dispute resolution proceedings in front of a consumer arbitration board<\/p>\n<p>We are not willing or obliged to participate in dispute resolution proceedings in front of a consumer\narbitration board.<\/p>\n<p>Liability for Contents<\/p>\n<p>As service providers, we are liable for own contents of these websites according to Paragraph 7, Sect. 1\nGerman Telemedia Act (TMG). However, according to Paragraphs 8 to 10 German Telemedia Act (TMG),\nservice providers are not obligated to permanently monitor submitted or stored information or to search for\nevidences that indicate illegal activities.<\/p>\n<p>Legal obligations to removing information or to blocking the use of information remain unchallenged. In this\ncase, liability is only possible at the time of knowledge about a specific violation of law. Illegal contents will\nbe removed immediately at the time we get knowledge of them.<\/p>\n<p>Liability for Links<\/p>\n<p class=\"translation-block\">Unser Angebot enth\u00e4lt Links zu externen Websites Dritter, auf deren Inhalte wir keinen Einfluss haben.<br>\r\nDeshalb k\u00f6nnen wir fu\u0308r diese fremden Inhalte auch keine Gew\u00e4hr u\u0308bernehmen. Fu\u0308r die Inhalte der<br>\r\nverlinkten Seiten ist stets der jeweilige Anbieter oder Betreiber der Seiten verantwortlich. Die verlinkten<br>\r\nSeiten wurden zum Zeitpunkt der Verlinkung auf m\u00f6gliche Rechtsverst\u00f6\u00dfe u\u0308berpru\u0308ft. Rechtswidrige Inhalte<br>\r\nwaren zum Zeitpunkt der Verlinkung nicht erkennbar.<\/p>\n<p class=\"translation-block\">Eine permanente inhaltliche Kontrolle der verlinkten Seiten ist jedoch ohne konkrete Anhaltspunkte einer<br>\r\nRechtsverletzung nicht zumutbar. Bei Bekanntwerden von Rechtsverletzungen werden wir derartige Links<br>\r\numgehend entfernen.<\/p>\n<p>Copyright<\/p>\n<p class=\"translation-block\">Die durch die Seitenbetreiber erstellten Inhalte und Werke auf diesen Seiten unterliegen dem deutschen<br>\r\nUrheberrecht. Die Vervielf\u00e4ltigung, Bearbeitung, Verbreitung und jede Art der Verwertung au\u00dferhalb der<br>\r\nGrenzen des Urheberrechtes bedu\u0308rfen der schriftlichen Zustimmung des jeweiligen Autors bzw. Erstellers.<br>\r\nDownloads und Kopien dieser Seite sind nur fu\u0308r den privaten, nicht kommerziellen Gebrauch gestattet.<\/p>\n<p class=\"translation-block\">Soweit die Inhalte auf dieser Seite nicht vom Betreiber erstellt wurden, werden die Urheberrechte Dritter<br>\r\nbeachtet. Insbesondere werden Inhalte Dritter als solche gekennzeichnet. Sollten Sie trotzdem auf eine<br>\r\nUrheberrechtsverletzung aufmerksam werden, bitten wir um einen entsprechenden Hinweis. Bei<br>\r\nBekanntwerden von Rechtsverletzungen werden wir derartige Inhalte umgehend entfernen.<\/p>\n<p><strong>Realisierung Webseite<br \/>\n<\/strong><a href=\"https:\/\/freiflieger-design.de\/\">Tina Wengler<\/a>, Freiflieger-Design<\/p>\n<\/div>\n<\/div>\n<\/div>\n<\/div>","protected":false},"excerpt":{"rendered":"<p>Impressum VENUE media+event services GmbH Marktstr. 8 80802 M\u00fcnchen Gesch\u00e4ftsf\u00fchrer: Martin Winkler Inhaltlich verantwortlich gem\u00e4\u00df \u00a7 55 Abs. 2 RStV: Martin Winkler Sitz der Gesellschaft: M\u00fcnchen Umsatzsteuer-Identifikationsnummer (\u00a7 27a UStG): DE 265548448 Registernummer: HRB 179374 Handelsgericht: Amtsgericht M\u00fcnchen &nbsp; Telefon: +49 172 &#8211; 43 31 433 E-Mail: anfrage@hinterhof8.de EU-Streitschlichtung Die Europ\u00e4ische Kommission stellt eine Plattform<\/p>","protected":false},"author":6,"featured_media":0,"parent":0,"menu_order":0,"comment_status":"closed","ping_status":"closed","template":"","meta":{"inline_featured_image":false,"footnotes":""},"class_list":["post-1380","page","type-page","status-publish","hentry"],"yoast_head":"<!-- This site is optimized with the Yoast SEO plugin v27.0 - https:\/\/yoast.com\/product\/yoast-seo-wordpress\/ -->\n<title>Impressum - hinterhof8 create.work.space<\/title>\n<meta name=\"robots\" content=\"noindex, nofollow\" \/>\n<meta property=\"og:locale\" content=\"en_GB\" \/>\n<meta property=\"og:type\" content=\"article\" \/>\n<meta property=\"og:title\" content=\"Impressum - hinterhof8 create.work.space\" \/>\n<meta property=\"og:description\" content=\"Impressum VENUE media+event services GmbH Marktstr. 8 80802 M\u00fcnchen Gesch\u00e4ftsf\u00fchrer: Martin Winkler Inhaltlich verantwortlich gem\u00e4\u00df \u00a7 55 Abs. 2 RStV: Martin Winkler Sitz der Gesellschaft: M\u00fcnchen Umsatzsteuer-Identifikationsnummer (\u00a7 27a UStG): DE 265548448 Registernummer: HRB 179374 Handelsgericht: Amtsgericht M\u00fcnchen &nbsp; Telefon: +49 172 &#8211; 43 31 433 E-Mail: anfrage@hinterhof8.de EU-Streitschlichtung Die Europ\u00e4ische Kommission stellt eine Plattform\" \/>\n<meta property=\"og:url\" content=\"https:\/\/hinterhof8.de\/en\/impressum\/\" \/>\n<meta property=\"og:site_name\" content=\"hinterhof8 create.work.space\" \/>\n<meta property=\"article:modified_time\" content=\"2026-03-02T09:07:51+00:00\" \/>\n<meta name=\"twitter:card\" content=\"summary_large_image\" \/>\n<meta name=\"twitter:label1\" content=\"Estimated reading time\" \/>\n\t<meta name=\"twitter:data1\" content=\"3 minutes\" \/>\n<script type=\"application\/ld+json\" class=\"yoast-schema-graph\">{\"@context\":\"https:\/\/schema.org\",\"@graph\":[{\"@type\":\"WebPage\",\"@id\":\"https:\/\/hinterhof8.de\/impressum\/\",\"url\":\"https:\/\/hinterhof8.de\/impressum\/\",\"name\":\"Impressum - hinterhof8 create.work.space\",\"isPartOf\":{\"@id\":\"https:\/\/hinterhof8.de\/#website\"},\"datePublished\":\"2020-03-31T09:44:51+00:00\",\"dateModified\":\"2026-03-02T09:07:51+00:00\",\"breadcrumb\":{\"@id\":\"https:\/\/hinterhof8.de\/impressum\/#breadcrumb\"},\"inLanguage\":\"en-GB\",\"potentialAction\":[{\"@type\":\"ReadAction\",\"target\":[\"https:\/\/hinterhof8.de\/impressum\/\"]}]},{\"@type\":\"BreadcrumbList\",\"@id\":\"https:\/\/hinterhof8.de\/impressum\/#breadcrumb\",\"itemListElement\":[{\"@type\":\"ListItem\",\"position\":1,\"name\":\"Startseite\",\"item\":\"https:\/\/hinterhof8.de\/\"},{\"@type\":\"ListItem\",\"position\":2,\"name\":\"Impressum\"}]},{\"@type\":\"WebSite\",\"@id\":\"https:\/\/hinterhof8.de\/#website\",\"url\":\"https:\/\/hinterhof8.de\/\",\"name\":\"hinterhof8 create.work.space\",\"description\":\"kreativer Workspace in M\u00fcnchen\",\"potentialAction\":[{\"@type\":\"SearchAction\",\"target\":{\"@type\":\"EntryPoint\",\"urlTemplate\":\"https:\/\/hinterhof8.de\/?s={search_term_string}\"},\"query-input\":{\"@type\":\"PropertyValueSpecification\",\"valueRequired\":true,\"valueName\":\"search_term_string\"}}],\"inLanguage\":\"en-GB\"}]}<\/script>\n<!-- \/ Yoast SEO plugin. -->","yoast_head_json":{"title":"Impressum - hinterhof8 create.work.space","robots":{"index":"noindex","follow":"nofollow"},"og_locale":"en_GB","og_type":"article","og_title":"Impressum - hinterhof8 create.work.space","og_description":"Impressum VENUE media+event services GmbH Marktstr. 8 80802 M\u00fcnchen Gesch\u00e4ftsf\u00fchrer: Martin Winkler Inhaltlich verantwortlich gem\u00e4\u00df \u00a7 55 Abs. 2 RStV: Martin Winkler Sitz der Gesellschaft: M\u00fcnchen Umsatzsteuer-Identifikationsnummer (\u00a7 27a UStG): DE 265548448 Registernummer: HRB 179374 Handelsgericht: Amtsgericht M\u00fcnchen &nbsp; Telefon: +49 172 &#8211; 43 31 433 E-Mail: anfrage@hinterhof8.de EU-Streitschlichtung Die Europ\u00e4ische Kommission stellt eine Plattform","og_url":"https:\/\/hinterhof8.de\/en\/impressum\/","og_site_name":"hinterhof8 create.work.space","article_modified_time":"2026-03-02T09:07:51+00:00","twitter_card":"summary_large_image","twitter_misc":{"Estimated reading time":"3 minutes"},"schema":{"@context":"https:\/\/schema.org","@graph":[{"@type":"WebPage","@id":"https:\/\/hinterhof8.de\/impressum\/","url":"https:\/\/hinterhof8.de\/impressum\/","name":"Impressum - hinterhof8 create.work.space","isPartOf":{"@id":"https:\/\/hinterhof8.de\/#website"},"datePublished":"2020-03-31T09:44:51+00:00","dateModified":"2026-03-02T09:07:51+00:00","breadcrumb":{"@id":"https:\/\/hinterhof8.de\/impressum\/#breadcrumb"},"inLanguage":"en-GB","potentialAction":[{"@type":"ReadAction","target":["https:\/\/hinterhof8.de\/impressum\/"]}]},{"@type":"BreadcrumbList","@id":"https:\/\/hinterhof8.de\/impressum\/#breadcrumb","itemListElement":[{"@type":"ListItem","position":1,"name":"Startseite","item":"https:\/\/hinterhof8.de\/"},{"@type":"ListItem","position":2,"name":"Impressum"}]},{"@type":"WebSite","@id":"https:\/\/hinterhof8.de\/#website","url":"https:\/\/hinterhof8.de\/","name":"hinterhof8 create.work.space","description":"kreativer Workspace in M\u00fcnchen","potentialAction":[{"@type":"SearchAction","target":{"@type":"EntryPoint","urlTemplate":"https:\/\/hinterhof8.de\/?s={search_term_string}"},"query-input":{"@type":"PropertyValueSpecification","valueRequired":true,"valueName":"search_term_string"}}],"inLanguage":"en-GB"}]}},"_links":{"self":[{"href":"https:\/\/hinterhof8.de\/en\/wp-json\/wp\/v2\/pages\/1380","targetHints":{"allow":["GET"]}}],"collection":[{"href":"https:\/\/hinterhof8.de\/en\/wp-json\/wp\/v2\/pages"}],"about":[{"href":"https:\/\/hinterhof8.de\/en\/wp-json\/wp\/v2\/types\/page"}],"author":[{"embeddable":true,"href":"https:\/\/hinterhof8.de\/en\/wp-json\/wp\/v2\/users\/6"}],"replies":[{"embeddable":true,"href":"https:\/\/hinterhof8.de\/en\/wp-json\/wp\/v2\/comments?post=1380"}],"version-history":[{"count":18,"href":"https:\/\/hinterhof8.de\/en\/wp-json\/wp\/v2\/pages\/1380\/revisions"}],"predecessor-version":[{"id":2107,"href":"https:\/\/hinterhof8.de\/en\/wp-json\/wp\/v2\/pages\/1380\/revisions\/2107"}],"wp:attachment":[{"href":"https:\/\/hinterhof8.de\/en\/wp-json\/wp\/v2\/media?parent=1380"}],"curies":[{"name":"wp","href":"https:\/\/api.w.org\/{rel}","templated":true}]}}